{"id":1193,"date":"2016-09-26T05:28:28","date_gmt":"2016-09-26T05:28:28","guid":{"rendered":"http:\/\/gulfhouse.lv\/lv\/about\/"},"modified":"2019-07-30T14:10:41","modified_gmt":"2019-07-30T14:10:41","slug":"about","status":"publish","type":"page","link":"https:\/\/gulfhouse.lv\/lv\/about\/","title":{"rendered":"Par Projektu"},"content":{"rendered":"<p>GULFHOUSE ir jauns, m\u016bsdien\u012bgs dz\u012bvojamais un biroju komplekss pa\u0161\u0101 Vecr\u012bgas sird\u012b, da\u017e\u0101du valstu v\u0113stniec\u012bbu ielok\u0101, l\u012bdz\u0101s jahtu centram un kru\u012bza ku\u0123u termin\u0101lim Daugavas krast\u0101, proti, vispresti\u017e\u0101kaj\u0101 Latvijas galvaspils\u0113tas rajon\u0101. T\u0101 ir vien\u012bg\u0101 m\u016bsdien\u012bg\u0101 \u0113ka \u0161aj\u0101 Klus\u0101 centra da\u013c\u0101 un viena no nedaudz\u0101m jaunaj\u0101m \u0113k\u0101m pils\u0113tas v\u0113sturiskaj\u0101 da\u013c\u0101.<\/p>\n<p>Kompleksa atra\u0161an\u0101s vieta ir unik\u0101la ar to, ka t\u0101 ide\u0101li atbilst biznesa cilv\u0113ka vajadz\u012bb\u0101m un nodro\u0161ina vi\u0146am \u0113rtu, komfortablu un mier\u012bgu dz\u012bvi.<\/p>\n","protected":false},"excerpt":{"rendered":"<p>GULFHOUSE ir jauns, m\u016bsdien\u012bgs dz\u012bvojamais un biroju komplekss pa\u0161\u0101 Vecr\u012bgas sird\u012b, da\u017e\u0101du valstu v\u0113stniec\u012bbu ielok\u0101, l\u012bdz\u0101s jahtu centram un kru\u012bza ku\u0123u termin\u0101lim Daugavas krast\u0101, proti, vispresti\u017e\u0101kaj\u0101 Latvijas galvaspils\u0113tas rajon\u0101. T\u0101 ir vien\u012bg\u0101 m\u016bsdien\u012bg\u0101 \u0113ka \u0161aj\u0101 Klus\u0101 centra da\u013c\u0101 un viena no nedaudz\u0101m jaunaj\u0101m \u0113k\u0101m pils\u0113tas v\u0113sturiskaj\u0101 da\u013c\u0101. Kompleksa atra\u0161an\u0101s vieta ir unik\u0101la ar to, ka [&hellip;]<\/p>\n","protected":false},"author":1,"featured_media":2466,"parent":0,"menu_order":0,"comment_status":"closed","ping_status":"closed","template":"","meta":{"_acf_changed":false,"footnotes":""},"class_list":["post-1193","page","type-page","status-publish","has-post-thumbnail","hentry"],"acf":[],"yoast_head":"<!-- This site is optimized with the Yoast SEO plugin v27.1.1 - https:\/\/yoast.com\/product\/yoast-seo-wordpress\/ -->\n<title>Par Projektu - GulfHouse<\/title>\n<meta name=\"robots\" content=\"index, follow, max-snippet:-1, max-image-preview:large, max-video-preview:-1\" \/>\n<link rel=\"canonical\" href=\"https:\/\/gulfhouse.lv\/lv\/about\/\" \/>\n<meta property=\"og:locale\" content=\"lv_LV\" \/>\n<meta property=\"og:type\" content=\"article\" \/>\n<meta property=\"og:title\" content=\"Par Projektu - GulfHouse\" \/>\n<meta property=\"og:description\" content=\"GULFHOUSE ir jauns, m\u016bsdien\u012bgs dz\u012bvojamais un biroju komplekss pa\u0161\u0101 Vecr\u012bgas sird\u012b, da\u017e\u0101du valstu v\u0113stniec\u012bbu ielok\u0101, l\u012bdz\u0101s jahtu centram un kru\u012bza ku\u0123u termin\u0101lim Daugavas krast\u0101, proti, vispresti\u017e\u0101kaj\u0101 Latvijas galvaspils\u0113tas rajon\u0101. T\u0101 ir vien\u012bg\u0101 m\u016bsdien\u012bg\u0101 \u0113ka \u0161aj\u0101 Klus\u0101 centra da\u013c\u0101 un viena no nedaudz\u0101m jaunaj\u0101m \u0113k\u0101m pils\u0113tas v\u0113sturiskaj\u0101 da\u013c\u0101. Kompleksa atra\u0161an\u0101s vieta ir unik\u0101la ar to, ka [&hellip;]\" \/>\n<meta property=\"og:url\" content=\"https:\/\/gulfhouse.lv\/lv\/about\/\" \/>\n<meta property=\"og:site_name\" content=\"GulfHouse\" \/>\n<meta property=\"article:modified_time\" content=\"2019-07-30T14:10:41+00:00\" \/>\n<meta property=\"og:image\" content=\"https:\/\/gulfhouse.lv\/wp-content\/uploads\/2019\/07\/Fasadelabots-about_main-2019.jpg\" \/>\n\t<meta property=\"og:image:width\" content=\"850\" \/>\n\t<meta property=\"og:image:height\" content=\"638\" \/>\n\t<meta property=\"og:image:type\" content=\"image\/jpeg\" \/>\n<meta name=\"twitter:card\" content=\"summary_large_image\" \/>\n<meta name=\"twitter:label1\" content=\"Est. reading time\" \/>\n\t<meta name=\"twitter:data1\" content=\"1 min\u016b\u0161u\" \/>\n<script type=\"application\/ld+json\" class=\"yoast-schema-graph\">{\"@context\":\"https:\/\/schema.org\",\"@graph\":[{\"@type\":\"WebPage\",\"@id\":\"https:\/\/gulfhouse.lv\/lv\/about\/\",\"url\":\"https:\/\/gulfhouse.lv\/lv\/about\/\",\"name\":\"Par Projektu - GulfHouse\",\"isPartOf\":{\"@id\":\"https:\/\/gulfhouse.lv\/#website\"},\"primaryImageOfPage\":{\"@id\":\"https:\/\/gulfhouse.lv\/lv\/about\/#primaryimage\"},\"image\":{\"@id\":\"https:\/\/gulfhouse.lv\/lv\/about\/#primaryimage\"},\"thumbnailUrl\":\"https:\/\/gulfhouse.lv\/wp-content\/uploads\/2019\/07\/Fasadelabots-about_main-2019.jpg\",\"datePublished\":\"2016-09-26T05:28:28+00:00\",\"dateModified\":\"2019-07-30T14:10:41+00:00\",\"breadcrumb\":{\"@id\":\"https:\/\/gulfhouse.lv\/lv\/about\/#breadcrumb\"},\"inLanguage\":\"lv-LV\",\"potentialAction\":[{\"@type\":\"ReadAction\",\"target\":[\"https:\/\/gulfhouse.lv\/lv\/about\/\"]}]},{\"@type\":\"ImageObject\",\"inLanguage\":\"lv-LV\",\"@id\":\"https:\/\/gulfhouse.lv\/lv\/about\/#primaryimage\",\"url\":\"https:\/\/gulfhouse.lv\/wp-content\/uploads\/2019\/07\/Fasadelabots-about_main-2019.jpg\",\"contentUrl\":\"https:\/\/gulfhouse.lv\/wp-content\/uploads\/2019\/07\/Fasadelabots-about_main-2019.jpg\",\"width\":850,\"height\":638},{\"@type\":\"BreadcrumbList\",\"@id\":\"https:\/\/gulfhouse.lv\/lv\/about\/#breadcrumb\",\"itemListElement\":[{\"@type\":\"ListItem\",\"position\":1,\"name\":\"Home\",\"item\":\"https:\/\/gulfhouse.lv\/\"},{\"@type\":\"ListItem\",\"position\":2,\"name\":\"Par Projektu\"}]},{\"@type\":\"WebSite\",\"@id\":\"https:\/\/gulfhouse.lv\/#website\",\"url\":\"https:\/\/gulfhouse.lv\/\",\"name\":\"GulfHouse\",\"description\":\"Elite Apartments in the Most Prestigious District in Rigas\",\"potentialAction\":[{\"@type\":\"SearchAction\",\"target\":{\"@type\":\"EntryPoint\",\"urlTemplate\":\"https:\/\/gulfhouse.lv\/?s={search_term_string}\"},\"query-input\":{\"@type\":\"PropertyValueSpecification\",\"valueRequired\":true,\"valueName\":\"search_term_string\"}}],\"inLanguage\":\"lv-LV\"}]}<\/script>\n<!-- \/ Yoast SEO plugin. -->","yoast_head_json":{"title":"Par Projektu - GulfHouse","robots":{"index":"index","follow":"follow","max-snippet":"max-snippet:-1","max-image-preview":"max-image-preview:large","max-video-preview":"max-video-preview:-1"},"canonical":"https:\/\/gulfhouse.lv\/lv\/about\/","og_locale":"lv_LV","og_type":"article","og_title":"Par Projektu - GulfHouse","og_description":"GULFHOUSE ir jauns, m\u016bsdien\u012bgs dz\u012bvojamais un biroju komplekss pa\u0161\u0101 Vecr\u012bgas sird\u012b, da\u017e\u0101du valstu v\u0113stniec\u012bbu ielok\u0101, l\u012bdz\u0101s jahtu centram un kru\u012bza ku\u0123u termin\u0101lim Daugavas krast\u0101, proti, vispresti\u017e\u0101kaj\u0101 Latvijas galvaspils\u0113tas rajon\u0101. T\u0101 ir vien\u012bg\u0101 m\u016bsdien\u012bg\u0101 \u0113ka \u0161aj\u0101 Klus\u0101 centra da\u013c\u0101 un viena no nedaudz\u0101m jaunaj\u0101m \u0113k\u0101m pils\u0113tas v\u0113sturiskaj\u0101 da\u013c\u0101. Kompleksa atra\u0161an\u0101s vieta ir unik\u0101la ar to, ka [&hellip;]","og_url":"https:\/\/gulfhouse.lv\/lv\/about\/","og_site_name":"GulfHouse","article_modified_time":"2019-07-30T14:10:41+00:00","og_image":[{"width":850,"height":638,"url":"https:\/\/gulfhouse.lv\/wp-content\/uploads\/2019\/07\/Fasadelabots-about_main-2019.jpg","type":"image\/jpeg"}],"twitter_card":"summary_large_image","twitter_misc":{"Est. reading time":"1 min\u016b\u0161u"},"schema":{"@context":"https:\/\/schema.org","@graph":[{"@type":"WebPage","@id":"https:\/\/gulfhouse.lv\/lv\/about\/","url":"https:\/\/gulfhouse.lv\/lv\/about\/","name":"Par Projektu - GulfHouse","isPartOf":{"@id":"https:\/\/gulfhouse.lv\/#website"},"primaryImageOfPage":{"@id":"https:\/\/gulfhouse.lv\/lv\/about\/#primaryimage"},"image":{"@id":"https:\/\/gulfhouse.lv\/lv\/about\/#primaryimage"},"thumbnailUrl":"https:\/\/gulfhouse.lv\/wp-content\/uploads\/2019\/07\/Fasadelabots-about_main-2019.jpg","datePublished":"2016-09-26T05:28:28+00:00","dateModified":"2019-07-30T14:10:41+00:00","breadcrumb":{"@id":"https:\/\/gulfhouse.lv\/lv\/about\/#breadcrumb"},"inLanguage":"lv-LV","potentialAction":[{"@type":"ReadAction","target":["https:\/\/gulfhouse.lv\/lv\/about\/"]}]},{"@type":"ImageObject","inLanguage":"lv-LV","@id":"https:\/\/gulfhouse.lv\/lv\/about\/#primaryimage","url":"https:\/\/gulfhouse.lv\/wp-content\/uploads\/2019\/07\/Fasadelabots-about_main-2019.jpg","contentUrl":"https:\/\/gulfhouse.lv\/wp-content\/uploads\/2019\/07\/Fasadelabots-about_main-2019.jpg","width":850,"height":638},{"@type":"BreadcrumbList","@id":"https:\/\/gulfhouse.lv\/lv\/about\/#breadcrumb","itemListElement":[{"@type":"ListItem","position":1,"name":"Home","item":"https:\/\/gulfhouse.lv\/"},{"@type":"ListItem","position":2,"name":"Par Projektu"}]},{"@type":"WebSite","@id":"https:\/\/gulfhouse.lv\/#website","url":"https:\/\/gulfhouse.lv\/","name":"GulfHouse","description":"Elite Apartments in the Most Prestigious District in Rigas","potentialAction":[{"@type":"SearchAction","target":{"@type":"EntryPoint","urlTemplate":"https:\/\/gulfhouse.lv\/?s={search_term_string}"},"query-input":{"@type":"PropertyValueSpecification","valueRequired":true,"valueName":"search_term_string"}}],"inLanguage":"lv-LV"}]}},"_links":{"self":[{"href":"https:\/\/gulfhouse.lv\/lv\/wp-json\/wp\/v2\/pages\/1193","targetHints":{"allow":["GET"]}}],"collection":[{"href":"https:\/\/gulfhouse.lv\/lv\/wp-json\/wp\/v2\/pages"}],"about":[{"href":"https:\/\/gulfhouse.lv\/lv\/wp-json\/wp\/v2\/types\/page"}],"author":[{"embeddable":true,"href":"https:\/\/gulfhouse.lv\/lv\/wp-json\/wp\/v2\/users\/1"}],"replies":[{"embeddable":true,"href":"https:\/\/gulfhouse.lv\/lv\/wp-json\/wp\/v2\/comments?post=1193"}],"version-history":[{"count":5,"href":"https:\/\/gulfhouse.lv\/lv\/wp-json\/wp\/v2\/pages\/1193\/revisions"}],"predecessor-version":[{"id":2655,"href":"https:\/\/gulfhouse.lv\/lv\/wp-json\/wp\/v2\/pages\/1193\/revisions\/2655"}],"wp:featuredmedia":[{"embeddable":true,"href":"https:\/\/gulfhouse.lv\/lv\/wp-json\/wp\/v2\/media\/2466"}],"wp:attachment":[{"href":"https:\/\/gulfhouse.lv\/lv\/wp-json\/wp\/v2\/media?parent=1193"}],"curies":[{"name":"wp","href":"https:\/\/api.w.org\/{rel}","templated":true}]}}