{"id":1190,"date":"2016-09-26T05:28:28","date_gmt":"2016-09-26T05:28:28","guid":{"rendered":"http:\/\/gulfhouse.lv\/de\/about\/"},"modified":"2019-07-30T14:09:22","modified_gmt":"2019-07-30T14:09:22","slug":"about","status":"publish","type":"page","link":"https:\/\/gulfhouse.lv\/de\/about\/","title":{"rendered":"Zum Projekt"},"content":{"rendered":"<p>GULFHOUSE ist ein neuer, moderner Wohn- und B\u00fcrokomplex mitten im Herzen der Altstadt von Riga, umgeben von den Botschaften verschiedener Staaten, neben dem Yachtzentrum und dem Kreuzfahrt-Terminal an den Ufern von Daugava, d.h. im exklusivsten Stadtviertel der Hauptstadt Lettlands. Der Wohn- und B\u00fcrokomplex ist ein einziges modernes Geb\u00e4ude in diesem ruhigen Teil des Stadtzentrums und einer der wenigen Neubauten im historischen Stadtteil.<\/p>\n<p>Der attraktive Standort des Komplexes ist auf Ihre speziellen Bed\u00fcrfnisse als Gesch\u00e4ftsperson zugeschnitten und bietet Ihnen ein bequemes, sicheres und komfortables Dasein, somit l\u00e4sst es Ihr Leben vor Ort nahezu einzigartig werden.<\/p>\n","protected":false},"excerpt":{"rendered":"<p>GULFHOUSE ist ein neuer, moderner Wohn- und B\u00fcrokomplex mitten im Herzen der Altstadt von Riga, umgeben von den Botschaften verschiedener Staaten, neben dem Yachtzentrum und dem Kreuzfahrt-Terminal an den Ufern von Daugava, d.h. im exklusivsten Stadtviertel der Hauptstadt Lettlands. Der Wohn- und B\u00fcrokomplex ist ein einziges modernes Geb\u00e4ude in diesem ruhigen Teil des Stadtzentrums und [&hellip;]<\/p>\n","protected":false},"author":1,"featured_media":2465,"parent":0,"menu_order":0,"comment_status":"closed","ping_status":"closed","template":"","meta":{"_acf_changed":false,"footnotes":""},"class_list":["post-1190","page","type-page","status-publish","has-post-thumbnail","hentry"],"acf":[],"yoast_head":"<!-- This site is optimized with the Yoast SEO plugin v27.1.1 - https:\/\/yoast.com\/product\/yoast-seo-wordpress\/ -->\n<title>Zum Projekt - GulfHouse<\/title>\n<meta name=\"robots\" content=\"index, follow, max-snippet:-1, max-image-preview:large, max-video-preview:-1\" \/>\n<link rel=\"canonical\" href=\"https:\/\/gulfhouse.lv\/de\/about\/\" \/>\n<meta property=\"og:locale\" content=\"de_DE\" \/>\n<meta property=\"og:type\" content=\"article\" \/>\n<meta property=\"og:title\" content=\"Zum Projekt - GulfHouse\" \/>\n<meta property=\"og:description\" content=\"GULFHOUSE ist ein neuer, moderner Wohn- und B\u00fcrokomplex mitten im Herzen der Altstadt von Riga, umgeben von den Botschaften verschiedener Staaten, neben dem Yachtzentrum und dem Kreuzfahrt-Terminal an den Ufern von Daugava, d.h. im exklusivsten Stadtviertel der Hauptstadt Lettlands. Der Wohn- und B\u00fcrokomplex ist ein einziges modernes Geb\u00e4ude in diesem ruhigen Teil des Stadtzentrums und [&hellip;]\" \/>\n<meta property=\"og:url\" content=\"https:\/\/gulfhouse.lv\/de\/about\/\" \/>\n<meta property=\"og:site_name\" content=\"GulfHouse\" \/>\n<meta property=\"article:modified_time\" content=\"2019-07-30T14:09:22+00:00\" \/>\n<meta property=\"og:image\" content=\"https:\/\/gulfhouse.lv\/wp-content\/uploads\/2019\/07\/Fasadelabots-about_main-2019.jpg\" \/>\n\t<meta property=\"og:image:width\" content=\"850\" \/>\n\t<meta property=\"og:image:height\" content=\"638\" \/>\n\t<meta property=\"og:image:type\" content=\"image\/jpeg\" \/>\n<meta name=\"twitter:card\" content=\"summary_large_image\" \/>\n<meta name=\"twitter:label1\" content=\"Gesch\u00e4tzte Lesezeit\" \/>\n\t<meta name=\"twitter:data1\" content=\"1\u00a0Minute\" \/>\n<script type=\"application\/ld+json\" class=\"yoast-schema-graph\">{\"@context\":\"https:\/\/schema.org\",\"@graph\":[{\"@type\":\"WebPage\",\"@id\":\"https:\/\/gulfhouse.lv\/de\/about\/\",\"url\":\"https:\/\/gulfhouse.lv\/de\/about\/\",\"name\":\"Zum Projekt - GulfHouse\",\"isPartOf\":{\"@id\":\"https:\/\/gulfhouse.lv\/#website\"},\"primaryImageOfPage\":{\"@id\":\"https:\/\/gulfhouse.lv\/de\/about\/#primaryimage\"},\"image\":{\"@id\":\"https:\/\/gulfhouse.lv\/de\/about\/#primaryimage\"},\"thumbnailUrl\":\"https:\/\/gulfhouse.lv\/wp-content\/uploads\/2019\/07\/Fasadelabots-about_main-2019.jpg\",\"datePublished\":\"2016-09-26T05:28:28+00:00\",\"dateModified\":\"2019-07-30T14:09:22+00:00\",\"breadcrumb\":{\"@id\":\"https:\/\/gulfhouse.lv\/de\/about\/#breadcrumb\"},\"inLanguage\":\"de\",\"potentialAction\":[{\"@type\":\"ReadAction\",\"target\":[\"https:\/\/gulfhouse.lv\/de\/about\/\"]}]},{\"@type\":\"ImageObject\",\"inLanguage\":\"de\",\"@id\":\"https:\/\/gulfhouse.lv\/de\/about\/#primaryimage\",\"url\":\"https:\/\/gulfhouse.lv\/wp-content\/uploads\/2019\/07\/Fasadelabots-about_main-2019.jpg\",\"contentUrl\":\"https:\/\/gulfhouse.lv\/wp-content\/uploads\/2019\/07\/Fasadelabots-about_main-2019.jpg\",\"width\":850,\"height\":638},{\"@type\":\"BreadcrumbList\",\"@id\":\"https:\/\/gulfhouse.lv\/de\/about\/#breadcrumb\",\"itemListElement\":[{\"@type\":\"ListItem\",\"position\":1,\"name\":\"Home\",\"item\":\"https:\/\/gulfhouse.lv\/\"},{\"@type\":\"ListItem\",\"position\":2,\"name\":\"Zum Projekt\"}]},{\"@type\":\"WebSite\",\"@id\":\"https:\/\/gulfhouse.lv\/#website\",\"url\":\"https:\/\/gulfhouse.lv\/\",\"name\":\"GulfHouse\",\"description\":\"Elite Apartments in the Most Prestigious District in Rigas\",\"potentialAction\":[{\"@type\":\"SearchAction\",\"target\":{\"@type\":\"EntryPoint\",\"urlTemplate\":\"https:\/\/gulfhouse.lv\/?s={search_term_string}\"},\"query-input\":{\"@type\":\"PropertyValueSpecification\",\"valueRequired\":true,\"valueName\":\"search_term_string\"}}],\"inLanguage\":\"de\"}]}<\/script>\n<!-- \/ Yoast SEO plugin. -->","yoast_head_json":{"title":"Zum Projekt - GulfHouse","robots":{"index":"index","follow":"follow","max-snippet":"max-snippet:-1","max-image-preview":"max-image-preview:large","max-video-preview":"max-video-preview:-1"},"canonical":"https:\/\/gulfhouse.lv\/de\/about\/","og_locale":"de_DE","og_type":"article","og_title":"Zum Projekt - GulfHouse","og_description":"GULFHOUSE ist ein neuer, moderner Wohn- und B\u00fcrokomplex mitten im Herzen der Altstadt von Riga, umgeben von den Botschaften verschiedener Staaten, neben dem Yachtzentrum und dem Kreuzfahrt-Terminal an den Ufern von Daugava, d.h. im exklusivsten Stadtviertel der Hauptstadt Lettlands. Der Wohn- und B\u00fcrokomplex ist ein einziges modernes Geb\u00e4ude in diesem ruhigen Teil des Stadtzentrums und [&hellip;]","og_url":"https:\/\/gulfhouse.lv\/de\/about\/","og_site_name":"GulfHouse","article_modified_time":"2019-07-30T14:09:22+00:00","og_image":[{"width":850,"height":638,"url":"https:\/\/gulfhouse.lv\/wp-content\/uploads\/2019\/07\/Fasadelabots-about_main-2019.jpg","type":"image\/jpeg"}],"twitter_card":"summary_large_image","twitter_misc":{"Gesch\u00e4tzte Lesezeit":"1\u00a0Minute"},"schema":{"@context":"https:\/\/schema.org","@graph":[{"@type":"WebPage","@id":"https:\/\/gulfhouse.lv\/de\/about\/","url":"https:\/\/gulfhouse.lv\/de\/about\/","name":"Zum Projekt - GulfHouse","isPartOf":{"@id":"https:\/\/gulfhouse.lv\/#website"},"primaryImageOfPage":{"@id":"https:\/\/gulfhouse.lv\/de\/about\/#primaryimage"},"image":{"@id":"https:\/\/gulfhouse.lv\/de\/about\/#primaryimage"},"thumbnailUrl":"https:\/\/gulfhouse.lv\/wp-content\/uploads\/2019\/07\/Fasadelabots-about_main-2019.jpg","datePublished":"2016-09-26T05:28:28+00:00","dateModified":"2019-07-30T14:09:22+00:00","breadcrumb":{"@id":"https:\/\/gulfhouse.lv\/de\/about\/#breadcrumb"},"inLanguage":"de","potentialAction":[{"@type":"ReadAction","target":["https:\/\/gulfhouse.lv\/de\/about\/"]}]},{"@type":"ImageObject","inLanguage":"de","@id":"https:\/\/gulfhouse.lv\/de\/about\/#primaryimage","url":"https:\/\/gulfhouse.lv\/wp-content\/uploads\/2019\/07\/Fasadelabots-about_main-2019.jpg","contentUrl":"https:\/\/gulfhouse.lv\/wp-content\/uploads\/2019\/07\/Fasadelabots-about_main-2019.jpg","width":850,"height":638},{"@type":"BreadcrumbList","@id":"https:\/\/gulfhouse.lv\/de\/about\/#breadcrumb","itemListElement":[{"@type":"ListItem","position":1,"name":"Home","item":"https:\/\/gulfhouse.lv\/"},{"@type":"ListItem","position":2,"name":"Zum Projekt"}]},{"@type":"WebSite","@id":"https:\/\/gulfhouse.lv\/#website","url":"https:\/\/gulfhouse.lv\/","name":"GulfHouse","description":"Elite Apartments in the Most Prestigious District in Rigas","potentialAction":[{"@type":"SearchAction","target":{"@type":"EntryPoint","urlTemplate":"https:\/\/gulfhouse.lv\/?s={search_term_string}"},"query-input":{"@type":"PropertyValueSpecification","valueRequired":true,"valueName":"search_term_string"}}],"inLanguage":"de"}]}},"_links":{"self":[{"href":"https:\/\/gulfhouse.lv\/de\/wp-json\/wp\/v2\/pages\/1190","targetHints":{"allow":["GET"]}}],"collection":[{"href":"https:\/\/gulfhouse.lv\/de\/wp-json\/wp\/v2\/pages"}],"about":[{"href":"https:\/\/gulfhouse.lv\/de\/wp-json\/wp\/v2\/types\/page"}],"author":[{"embeddable":true,"href":"https:\/\/gulfhouse.lv\/de\/wp-json\/wp\/v2\/users\/1"}],"replies":[{"embeddable":true,"href":"https:\/\/gulfhouse.lv\/de\/wp-json\/wp\/v2\/comments?post=1190"}],"version-history":[{"count":5,"href":"https:\/\/gulfhouse.lv\/de\/wp-json\/wp\/v2\/pages\/1190\/revisions"}],"predecessor-version":[{"id":2654,"href":"https:\/\/gulfhouse.lv\/de\/wp-json\/wp\/v2\/pages\/1190\/revisions\/2654"}],"wp:featuredmedia":[{"embeddable":true,"href":"https:\/\/gulfhouse.lv\/de\/wp-json\/wp\/v2\/media\/2465"}],"wp:attachment":[{"href":"https:\/\/gulfhouse.lv\/de\/wp-json\/wp\/v2\/media?parent=1190"}],"curies":[{"name":"wp","href":"https:\/\/api.w.org\/{rel}","templated":true}]}}